{"id":477,"date":"2024-08-29T15:48:52","date_gmt":"2024-08-29T13:48:52","guid":{"rendered":"https:\/\/tbh-fumeanddustextraction.com\/declaracion-de-accesibilidad\/"},"modified":"2024-09-13T10:25:52","modified_gmt":"2024-09-13T08:25:52","slug":"accesibilidad","status":"publish","type":"page","link":"https:\/\/tbh-fumeanddustextraction.com\/es\/accesibilidad\/","title":{"rendered":"Declaraci\u00f3n de accesibilidad"},"content":{"rendered":"\t\t<div data-elementor-type=\"wp-page\" data-elementor-id=\"477\" class=\"elementor elementor-477 elementor-320\" data-elementor-post-type=\"page\">\n\t\t\t\t\t\t<section class=\"elementor-section elementor-top-section elementor-element elementor-element-7375eb7 elementor-section-boxed elementor-section-height-default elementor-section-height-default\" data-id=\"7375eb7\" data-element_type=\"section\" data-e-type=\"section\" data-settings=\"{&quot;shape_divider_top&quot;:&quot;mountains&quot;,&quot;shape_divider_bottom&quot;:&quot;mountains&quot;}\">\n\t\t\t\t\t<div class=\"elementor-shape elementor-shape-top\" aria-hidden=\"true\" data-negative=\"false\">\n\t\t\t<svg xmlns=\"http:\/\/www.w3.org\/2000\/svg\" viewBox=\"0 0 1000 100\" preserveAspectRatio=\"none\">\n\t<path class=\"elementor-shape-fill\" opacity=\"0.33\" d=\"M473,67.3c-203.9,88.3-263.1-34-320.3,0C66,119.1,0,59.7,0,59.7V0h1000v59.7 c0,0-62.1,26.1-94.9,29.3c-32.8,3.3-62.8-12.3-75.8-22.1C806,49.6,745.3,8.7,694.9,4.7S492.4,59,473,67.3z\"\/>\n\t<path class=\"elementor-shape-fill\" opacity=\"0.66\" d=\"M734,67.3c-45.5,0-77.2-23.2-129.1-39.1c-28.6-8.7-150.3-10.1-254,39.1 s-91.7-34.4-149.2,0C115.7,118.3,0,39.8,0,39.8V0h1000v36.5c0,0-28.2-18.5-92.1-18.5C810.2,18.1,775.7,67.3,734,67.3z\"\/>\n\t<path class=\"elementor-shape-fill\" d=\"M766.1,28.9c-200-57.5-266,65.5-395.1,19.5C242,1.8,242,5.4,184.8,20.6C128,35.8,132.3,44.9,89.9,52.5C28.6,63.7,0,0,0,0 h1000c0,0-9.9,40.9-83.6,48.1S829.6,47,766.1,28.9z\"\/>\n<\/svg>\t\t<\/div>\n\t\t\t\t<div class=\"elementor-shape elementor-shape-bottom\" aria-hidden=\"true\" data-negative=\"false\">\n\t\t\t<svg xmlns=\"http:\/\/www.w3.org\/2000\/svg\" viewBox=\"0 0 1000 100\" preserveAspectRatio=\"none\">\n\t<path class=\"elementor-shape-fill\" opacity=\"0.33\" d=\"M473,67.3c-203.9,88.3-263.1-34-320.3,0C66,119.1,0,59.7,0,59.7V0h1000v59.7 c0,0-62.1,26.1-94.9,29.3c-32.8,3.3-62.8-12.3-75.8-22.1C806,49.6,745.3,8.7,694.9,4.7S492.4,59,473,67.3z\"\/>\n\t<path class=\"elementor-shape-fill\" opacity=\"0.66\" d=\"M734,67.3c-45.5,0-77.2-23.2-129.1-39.1c-28.6-8.7-150.3-10.1-254,39.1 s-91.7-34.4-149.2,0C115.7,118.3,0,39.8,0,39.8V0h1000v36.5c0,0-28.2-18.5-92.1-18.5C810.2,18.1,775.7,67.3,734,67.3z\"\/>\n\t<path class=\"elementor-shape-fill\" d=\"M766.1,28.9c-200-57.5-266,65.5-395.1,19.5C242,1.8,242,5.4,184.8,20.6C128,35.8,132.3,44.9,89.9,52.5C28.6,63.7,0,0,0,0 h1000c0,0-9.9,40.9-83.6,48.1S829.6,47,766.1,28.9z\"\/>\n<\/svg>\t\t<\/div>\n\t\t\t\t\t<div class=\"elementor-container elementor-column-gap-default\">\n\t\t\t\t\t<div class=\"elementor-column elementor-col-100 elementor-top-column elementor-element elementor-element-f81635d\" data-id=\"f81635d\" data-element_type=\"column\" data-e-type=\"column\">\n\t\t\t<div class=\"elementor-widget-wrap\">\n\t\t\t\t\t\t\t<\/div>\n\t\t<\/div>\n\t\t\t\t\t<\/div>\n\t\t<\/section>\n\t\t\t\t<section class=\"elementor-section elementor-top-section elementor-element elementor-element-152c918 elementor-section-boxed elementor-section-height-default elementor-section-height-default\" data-id=\"152c918\" data-element_type=\"section\" data-e-type=\"section\">\n\t\t\t\t\t\t<div class=\"elementor-container elementor-column-gap-default\">\n\t\t\t\t\t<div class=\"elementor-column elementor-col-50 elementor-top-column elementor-element elementor-element-7d883ae\" data-id=\"7d883ae\" data-element_type=\"column\" data-e-type=\"column\">\n\t\t\t<div class=\"elementor-widget-wrap elementor-element-populated\">\n\t\t\t\t\t\t<div class=\"elementor-element elementor-element-9a46c7b elementor-widget elementor-widget-heading\" data-id=\"9a46c7b\" data-element_type=\"widget\" data-e-type=\"widget\" data-widget_type=\"heading.default\">\n\t\t\t\t<div class=\"elementor-widget-container\">\n\t\t\t\t\t<h1 class=\"elementor-heading-title elementor-size-default\">Declaraci\u00f3n de accesibilidad<\/h1>\t\t\t\t<\/div>\n\t\t\t\t<\/div>\n\t\t\t\t\t<\/div>\n\t\t<\/div>\n\t\t\t\t<div class=\"elementor-column elementor-col-50 elementor-top-column elementor-element elementor-element-a311dd8\" data-id=\"a311dd8\" data-element_type=\"column\" data-e-type=\"column\">\n\t\t\t<div class=\"elementor-widget-wrap elementor-element-populated\">\n\t\t\t\t\t\t<div class=\"elementor-element elementor-element-e4a37eb elementor-widget elementor-widget-text-editor\" data-id=\"e4a37eb\" data-element_type=\"widget\" data-e-type=\"widget\" data-widget_type=\"text-editor.default\">\n\t\t\t\t<div class=\"elementor-widget-container\">\n\t\t\t\t\t\t\t\t\t<p>para TBH Fume and Dust Extraction<\/p><p>Esta es una declaraci\u00f3n de accesibilidad de <span class=\"basic-information organization-name\">TBH North America, Inc.<\/span>.<\/p>\t\t\t\t\t\t\t\t<\/div>\n\t\t\t\t<\/div>\n\t\t\t\t\t<\/div>\n\t\t<\/div>\n\t\t\t\t\t<\/div>\n\t\t<\/section>\n\t\t\t\t<section class=\"elementor-section elementor-top-section elementor-element elementor-element-8b09628 elementor-section-boxed elementor-section-height-default elementor-section-height-default\" data-id=\"8b09628\" data-element_type=\"section\" data-e-type=\"section\">\n\t\t\t\t\t\t<div class=\"elementor-container elementor-column-gap-default\">\n\t\t\t\t\t<div class=\"elementor-column elementor-col-100 elementor-top-column elementor-element elementor-element-dfb2897\" data-id=\"dfb2897\" data-element_type=\"column\" data-e-type=\"column\">\n\t\t\t<div class=\"elementor-widget-wrap elementor-element-populated\">\n\t\t\t\t\t\t<div class=\"elementor-element elementor-element-ef81f17 elementor-widget elementor-widget-text-editor\" data-id=\"ef81f17\" data-element_type=\"widget\" data-e-type=\"widget\" data-widget_type=\"text-editor.default\">\n\t\t\t\t<div class=\"elementor-widget-container\">\n\t\t\t\t\t\t\t\t\t<h3>Medidas para garantizar la accesibilidad<\/h3><p><span class=\"basic-information organization-name\">TBH North America, Inc.<\/span><br \/>implementa las siguientes medidas para asegurar la accesibilidad de <br \/><span class=\"basic-information website-name\">TBH Fume and Dust Extraction<\/span>:<\/p><ul class=\"organizational-effort accessibility-measures\"><li>Incluir la accesibilidad en nuestras pol\u00edticas internas.<\/li><\/ul><h3>Situaci\u00f3n de cumplimiento<\/h3><p>Las <a href=\"https:\/\/www.w3.org\/WAI\/standards-guidelines\/wcag\/\">Pautas de Accesibilidad para el Contenido Web (WCAG)<\/a> definen los requisitos para que dise\u00f1adores y desarrolladores mejoren la accesibilidad para personas con discapacidades. Estas pautas establecen tres niveles de cumplimiento: Nivel A, Nivel AA y Nivel AAA.<br \/><span class=\"basic-information website-name\">TBH Fume and Dust Extraction<\/span>\u00a0cumple parcialmente con <span class=\"basic-information conformance-standard\">el nivel AA de las WCAG 2.1.<\/span><\/p><p><span class=\"basic-information conformance-status\">Cumplimiento parcial<\/span> significa que <span class=\"basic-information conformance-meaning\">algunas partes del contenido no cumplen completamente con el est\u00e1ndar de accesibilidad<\/span>.<\/p><h3>Comentarios<\/h3><p>Agradecemos sus comentarios sobre la accesibilidad del sitio web<br \/><span class=\"basic-information website-name\">TBH Fume and Dust Extraction<\/span>.<br \/>Por favor, h\u00e1ganos saber si encuentra barreras de accesibilidad en nuestro sitio web:<br \/><span class=\"basic-information website-name\">TBH Fume and Dust Extraction<\/span>:<\/p><ul class=\"basic-information feedback h-card\"><li>Tel\u00e9fono:<br \/><span class=\"phone-number p-tel\">+1 (256) 426-7850<\/span><\/li><li>Correo electr\u00f3nico:<br \/><a class=\"email u-email\" href=\"mailto:info@tbhna.com\">info@tbhna.com<\/a><\/li><li>Direcci\u00f3n postal:<br \/><span class=\"postal-address p-adr\">81 County Road 423 Killen, AL 35645 USA<\/span><\/li><\/ul><p>Nos esforzamos por responder a los comentarios en un plazo de <span class=\"feedback responsetime\">2 d\u00edas h\u00e1biles<\/span>.<\/p><h3>Compatibilidad con navegadores y tecnolog\u00edas asistenciales<\/h3><p><span class=\"basic-information website-name\">El sitio web TBH Fume and Dust Extraction\u00a0<\/span><br \/>est\u00e1 dise\u00f1ado para ser compatible con las siguientes tecnolog\u00edas asistenciales:<\/p><ul class=\"technical-information compatible-environments\"><li>Nuestro sitio web funciona con todos los navegadores conocidos, como Microsoft Edge, Mozilla Firefox, Safari y Chrome, as\u00ed como en dispositivos Android e iOS.<\/li><\/ul><h3>Especificaciones t\u00e9cnicas<\/h3><p>La accesibilidad del sitio web<br \/><span class=\"basic-information website-name\">TBH Fume and Dust Extraction\u00a0<\/span><br \/>se basa en las siguientes tecnolog\u00edas, que garantizan su funcionamiento con la combinaci\u00f3n adecuada de navegadores y tecnolog\u00edas asistenciales o complementos instalados en su computadora:<\/p><ul class=\"technical-information technologies-used\"><li>HTML<\/li><li>CSS<\/li><li>JavaScript<\/li><\/ul><p>Estas tecnolog\u00edas se utilizan para asegurar el cumplimiento con los est\u00e1ndares de accesibilidad.<\/p><h3>Enfoque de evaluaci\u00f3n<\/h3><p><span class=\"basic-information organization-name\">TBH North America, Inc.<\/span><br \/>evalu\u00f3 la accesibilidad del sitio web<br \/><span class=\"basic-information website-name\">TBH Fume and Dust Extraction<\/span><br \/>mediante los siguientes enfoques:<\/p><ul class=\"technical-information assessment-approaches\"><li>Autoevaluaci\u00f3n<\/li><\/ul><h3>Quejas formales<\/h3><p class=\"complaints\">Nos comprometemos a responder a los comentarios sobre accesibilidad en un plazo de 2 d\u00edas h\u00e1biles y a proponer una soluci\u00f3n en un plazo de 10 d\u00edas h\u00e1biles.<\/p><hr noshade=\"noshade\" \/><h3>Fecha<\/h3><p>Esta declaraci\u00f3n fue creada el<br \/><span class=\"basic-information statement-created-date\">5 de septiembre de 2024<\/span><br \/>utilizando la <a href=\"https:\/\/www.w3.org\/WAI\/planning\/statements\/\">herramienta de creaci\u00f3n de declaraciones de accesibilidad del W3C<\/a>.<\/p>\t\t\t\t\t\t\t\t<\/div>\n\t\t\t\t<\/div>\n\t\t\t\t\t<\/div>\n\t\t<\/div>\n\t\t\t\t\t<\/div>\n\t\t<\/section>\n\t\t\t\t<\/div>\n\t\t","protected":false},"excerpt":{"rendered":"<p>Declaraci\u00f3n de accesibilidad para TBH Fume and Dust Extraction Esta es una declaraci\u00f3n de accesibilidad de TBH North America, Inc.. Medidas para garantizar la accesibilidad TBH North America, Inc.implementa las siguientes medidas para asegurar la accesibilidad de TBH Fume and Dust Extraction: Incluir la accesibilidad en nuestras pol\u00edticas internas. Situaci\u00f3n de cumplimiento Las Pautas de [&hellip;]<\/p>\n","protected":false},"author":1,"featured_media":0,"parent":0,"menu_order":0,"comment_status":"closed","ping_status":"closed","template":"","meta":{"footnotes":""},"class_list":["post-477","page","type-page","status-publish","hentry"],"_links":{"self":[{"href":"https:\/\/tbh-fumeanddustextraction.com\/es\/wp-json\/wp\/v2\/pages\/477","targetHints":{"allow":["GET"]}}],"collection":[{"href":"https:\/\/tbh-fumeanddustextraction.com\/es\/wp-json\/wp\/v2\/pages"}],"about":[{"href":"https:\/\/tbh-fumeanddustextraction.com\/es\/wp-json\/wp\/v2\/types\/page"}],"author":[{"embeddable":true,"href":"https:\/\/tbh-fumeanddustextraction.com\/es\/wp-json\/wp\/v2\/users\/1"}],"replies":[{"embeddable":true,"href":"https:\/\/tbh-fumeanddustextraction.com\/es\/wp-json\/wp\/v2\/comments?post=477"}],"version-history":[{"count":4,"href":"https:\/\/tbh-fumeanddustextraction.com\/es\/wp-json\/wp\/v2\/pages\/477\/revisions"}],"predecessor-version":[{"id":717,"href":"https:\/\/tbh-fumeanddustextraction.com\/es\/wp-json\/wp\/v2\/pages\/477\/revisions\/717"}],"wp:attachment":[{"href":"https:\/\/tbh-fumeanddustextraction.com\/es\/wp-json\/wp\/v2\/media?parent=477"}],"curies":[{"name":"wp","href":"https:\/\/api.w.org\/{rel}","templated":true}]}}