{"id":713,"date":"2024-08-29T15:48:52","date_gmt":"2024-08-29T13:48:52","guid":{"rendered":"https:\/\/tbh-fumeanddustextraction.com\/declaration-daccessibilite\/"},"modified":"2024-09-13T10:22:44","modified_gmt":"2024-09-13T08:22:44","slug":"accessibilite","status":"publish","type":"page","link":"https:\/\/tbh-fumeanddustextraction.com\/fr\/accessibilite\/","title":{"rendered":"D\u00e9claration d&rsquo;accessibilit\u00e9"},"content":{"rendered":"\t\t<div data-elementor-type=\"wp-page\" data-elementor-id=\"713\" class=\"elementor elementor-713 elementor-320\" data-elementor-post-type=\"page\">\n\t\t\t\t\t\t<section class=\"elementor-section elementor-top-section elementor-element elementor-element-7375eb7 elementor-section-boxed elementor-section-height-default elementor-section-height-default\" data-id=\"7375eb7\" data-element_type=\"section\" data-e-type=\"section\" data-settings=\"{&quot;shape_divider_top&quot;:&quot;mountains&quot;,&quot;shape_divider_bottom&quot;:&quot;mountains&quot;}\">\n\t\t\t\t\t<div class=\"elementor-shape elementor-shape-top\" aria-hidden=\"true\" data-negative=\"false\">\n\t\t\t<svg xmlns=\"http:\/\/www.w3.org\/2000\/svg\" viewBox=\"0 0 1000 100\" preserveAspectRatio=\"none\">\n\t<path class=\"elementor-shape-fill\" opacity=\"0.33\" d=\"M473,67.3c-203.9,88.3-263.1-34-320.3,0C66,119.1,0,59.7,0,59.7V0h1000v59.7 c0,0-62.1,26.1-94.9,29.3c-32.8,3.3-62.8-12.3-75.8-22.1C806,49.6,745.3,8.7,694.9,4.7S492.4,59,473,67.3z\"\/>\n\t<path class=\"elementor-shape-fill\" opacity=\"0.66\" d=\"M734,67.3c-45.5,0-77.2-23.2-129.1-39.1c-28.6-8.7-150.3-10.1-254,39.1 s-91.7-34.4-149.2,0C115.7,118.3,0,39.8,0,39.8V0h1000v36.5c0,0-28.2-18.5-92.1-18.5C810.2,18.1,775.7,67.3,734,67.3z\"\/>\n\t<path class=\"elementor-shape-fill\" d=\"M766.1,28.9c-200-57.5-266,65.5-395.1,19.5C242,1.8,242,5.4,184.8,20.6C128,35.8,132.3,44.9,89.9,52.5C28.6,63.7,0,0,0,0 h1000c0,0-9.9,40.9-83.6,48.1S829.6,47,766.1,28.9z\"\/>\n<\/svg>\t\t<\/div>\n\t\t\t\t<div class=\"elementor-shape elementor-shape-bottom\" aria-hidden=\"true\" data-negative=\"false\">\n\t\t\t<svg xmlns=\"http:\/\/www.w3.org\/2000\/svg\" viewBox=\"0 0 1000 100\" preserveAspectRatio=\"none\">\n\t<path class=\"elementor-shape-fill\" opacity=\"0.33\" d=\"M473,67.3c-203.9,88.3-263.1-34-320.3,0C66,119.1,0,59.7,0,59.7V0h1000v59.7 c0,0-62.1,26.1-94.9,29.3c-32.8,3.3-62.8-12.3-75.8-22.1C806,49.6,745.3,8.7,694.9,4.7S492.4,59,473,67.3z\"\/>\n\t<path class=\"elementor-shape-fill\" opacity=\"0.66\" d=\"M734,67.3c-45.5,0-77.2-23.2-129.1-39.1c-28.6-8.7-150.3-10.1-254,39.1 s-91.7-34.4-149.2,0C115.7,118.3,0,39.8,0,39.8V0h1000v36.5c0,0-28.2-18.5-92.1-18.5C810.2,18.1,775.7,67.3,734,67.3z\"\/>\n\t<path class=\"elementor-shape-fill\" d=\"M766.1,28.9c-200-57.5-266,65.5-395.1,19.5C242,1.8,242,5.4,184.8,20.6C128,35.8,132.3,44.9,89.9,52.5C28.6,63.7,0,0,0,0 h1000c0,0-9.9,40.9-83.6,48.1S829.6,47,766.1,28.9z\"\/>\n<\/svg>\t\t<\/div>\n\t\t\t\t\t<div class=\"elementor-container elementor-column-gap-default\">\n\t\t\t\t\t<div class=\"elementor-column elementor-col-100 elementor-top-column elementor-element elementor-element-f81635d\" data-id=\"f81635d\" data-element_type=\"column\" data-e-type=\"column\">\n\t\t\t<div class=\"elementor-widget-wrap\">\n\t\t\t\t\t\t\t<\/div>\n\t\t<\/div>\n\t\t\t\t\t<\/div>\n\t\t<\/section>\n\t\t\t\t<section class=\"elementor-section elementor-top-section elementor-element elementor-element-152c918 elementor-section-boxed elementor-section-height-default elementor-section-height-default\" data-id=\"152c918\" data-element_type=\"section\" data-e-type=\"section\">\n\t\t\t\t\t\t<div class=\"elementor-container elementor-column-gap-default\">\n\t\t\t\t\t<div class=\"elementor-column elementor-col-50 elementor-top-column elementor-element elementor-element-7d883ae\" data-id=\"7d883ae\" data-element_type=\"column\" data-e-type=\"column\">\n\t\t\t<div class=\"elementor-widget-wrap elementor-element-populated\">\n\t\t\t\t\t\t<div class=\"elementor-element elementor-element-9a46c7b elementor-widget elementor-widget-heading\" data-id=\"9a46c7b\" data-element_type=\"widget\" data-e-type=\"widget\" data-widget_type=\"heading.default\">\n\t\t\t\t<div class=\"elementor-widget-container\">\n\t\t\t\t\t<h1 class=\"elementor-heading-title elementor-size-default\">D\u00e9claration d'accessibilit\u00e9<\/h1>\t\t\t\t<\/div>\n\t\t\t\t<\/div>\n\t\t\t\t\t<\/div>\n\t\t<\/div>\n\t\t\t\t<div class=\"elementor-column elementor-col-50 elementor-top-column elementor-element elementor-element-a311dd8\" data-id=\"a311dd8\" data-element_type=\"column\" data-e-type=\"column\">\n\t\t\t<div class=\"elementor-widget-wrap elementor-element-populated\">\n\t\t\t\t\t\t<div class=\"elementor-element elementor-element-e4a37eb elementor-widget elementor-widget-text-editor\" data-id=\"e4a37eb\" data-element_type=\"widget\" data-e-type=\"widget\" data-widget_type=\"text-editor.default\">\n\t\t\t\t<div class=\"elementor-widget-container\">\n\t\t\t\t\t\t\t\t\t<p>pour TBH Fume and Dust Extraction<\/p>\n<p>Ceci est une d\u00e9claration d&rsquo;accessibilit\u00e9 de la part de <span class=\"basic-information organization-name\">TBH North America, Inc.<\/span>.<\/p>\n<p>\u00a0<\/p>\n\t\t\t\t\t\t\t\t<\/div>\n\t\t\t\t<\/div>\n\t\t\t\t\t<\/div>\n\t\t<\/div>\n\t\t\t\t\t<\/div>\n\t\t<\/section>\n\t\t\t\t<section class=\"elementor-section elementor-top-section elementor-element elementor-element-8b09628 elementor-section-boxed elementor-section-height-default elementor-section-height-default\" data-id=\"8b09628\" data-element_type=\"section\" data-e-type=\"section\">\n\t\t\t\t\t\t<div class=\"elementor-container elementor-column-gap-default\">\n\t\t\t\t\t<div class=\"elementor-column elementor-col-100 elementor-top-column elementor-element elementor-element-dfb2897\" data-id=\"dfb2897\" data-element_type=\"column\" data-e-type=\"column\">\n\t\t\t<div class=\"elementor-widget-wrap elementor-element-populated\">\n\t\t\t\t\t\t<div class=\"elementor-element elementor-element-ef81f17 elementor-widget elementor-widget-text-editor\" data-id=\"ef81f17\" data-element_type=\"widget\" data-e-type=\"widget\" data-widget_type=\"text-editor.default\">\n\t\t\t\t<div class=\"elementor-widget-container\">\n\t\t\t\t\t\t\t\t\t<h3>Mesures pour soutenir l&rsquo;accessibilit\u00e9<\/h3>\n<p><span class=\"basic-information organization-name\">TBH North America, Inc.<\/span><br \/>prend les mesures suivantes pour assurer l&rsquo;accessibilit\u00e9 de<br \/><span class=\"basic-information website-name\">TBH Fume and Dust Extraction<\/span> :<\/p>\n<ul class=\"organizational-effort accessibility-measures\">\n<li>Inclure l&rsquo;accessibilit\u00e9 dans toutes nos politiques internes.<\/li>\n<\/ul>\n<h3>\u00c9tat de conformit\u00e9<\/h3>\n<p>Les <a href=\"https:\/\/www.w3.org\/WAI\/standards-guidelines\/wcag\/\">R\u00e8gles pour l&rsquo;accessibilit\u00e9 des contenus Web (WCAG)<\/a> d\u00e9finissent les exigences pour les concepteurs et d\u00e9veloppeurs afin d&rsquo;am\u00e9liorer l&rsquo;accessibilit\u00e9 pour les personnes handicap\u00e9es. Elles d\u00e9finissent trois niveaux de conformit\u00e9 : Niveau A, Niveau AA et Niveau AAA.<br \/><span class=\"basic-information website-name\">TBH Fume and Dust Extraction<\/span> est <span class=\"basic-information conformance-status\" data-printfilter=\"lowercase\">partiellement conforme<\/span> avec les <span class=\"basic-information conformance-standard\"><span data-negate=\"\">WCAG 2.1 niveau AA<\/span>.<\/span><\/p>\n<p><span class=\"basic-information conformance-status\">Partiellement conforme<\/span> signifie que <span class=\"basic-information conformance-meaning\">certaines parties du contenu ne sont pas enti\u00e8rement conformes \u00e0 la norme d&rsquo;accessibilit\u00e9<\/span>.<\/p>\n<h3>Commentaires<\/h3>\n<p>Nous accueillons vos commentaires sur l&rsquo;accessibilit\u00e9 de<br \/><span class=\"basic-information website-name\">TBH Fume and Dust Extraction<\/span>.<br \/>Veuillez nous informer si vous rencontrez des obstacles \u00e0 l&rsquo;accessibilit\u00e9 sur<br \/><span class=\"basic-information website-name\">TBH Fume and Dust Extraction<\/span> :<\/p>\n<ul class=\"basic-information feedback h-card\">\n<li>T\u00e9l\u00e9phone :<br \/><span class=\"phone-number p-tel\">+1 (256) 426-7850<\/span><\/li>\n<li>Courriel :<br \/><a class=\"email u-email\" href=\"mailto:info@tbhna.com\">info@tbhna.com<\/a><\/li>\n<li>Adresse postale :<br \/><span class=\"postal-address p-adr\">81 County Road 423 Killen, AL 35645 USA<\/span><\/li>\n<\/ul>\n<p>Nous essayons de r\u00e9pondre aux commentaires dans un d\u00e9lai de <span class=\"feedback responsetime\">2 jours ouvrables<\/span>.<\/p>\n<h3>Compatibilit\u00e9 avec les navigateurs et technologies d&rsquo;assistance<\/h3>\n<p><span class=\"basic-information website-name\">TBH Fume and Dust Extraction<\/span><br \/>est con\u00e7u pour \u00eatre compatible avec les technologies d&rsquo;assistance suivantes :<\/p>\n<ul class=\"technical-information compatible-environments\">\n<li>Notre site Web fonctionne avec tous les navigateurs connus tels que Microsoft Edge, Mozilla Firefox, Safari et Chrome, ainsi que sur Android et iOS.<\/li>\n<\/ul>\n<h3>Sp\u00e9cifications techniques<\/h3>\n<p>L&rsquo;accessibilit\u00e9 de<br \/><span class=\"basic-information website-name\">TBH Fume and Dust Extraction<\/span><br \/>repose sur les technologies suivantes pour fonctionner avec la combinaison particuli\u00e8re du navigateur web et des technologies ou plugins d&rsquo;assistance install\u00e9s sur votre ordinateur :<\/p>\n<ul class=\"technical-information technologies-used\">\n<li>HTML<\/li>\n<li>CSS<\/li>\n<li>JavaScript<\/li>\n<\/ul>\n<p>Ces technologies sont utilis\u00e9es pour assurer la conformit\u00e9 avec les normes d&rsquo;accessibilit\u00e9 appliqu\u00e9es.<\/p>\n<h3>M\u00e9thode d&rsquo;\u00e9valuation<\/h3>\n<p><span class=\"basic-information organization-name\">TBH North America, Inc.<\/span><br \/>a \u00e9valu\u00e9 l&rsquo;accessibilit\u00e9 de<br \/><span class=\"basic-information website-name\">TBH Fume and Dust Extraction<\/span><br \/>par les approches suivantes :<\/p>\n<ul class=\"technical-information assessment-approaches\">\n<li>Auto-\u00e9valuation<\/li>\n<\/ul>\n<h3>R\u00e9clamations formelles<\/h3>\n<p class=\"complaints\">Nous visons \u00e0 r\u00e9pondre aux commentaires sur l&rsquo;accessibilit\u00e9 dans les 2 jours ouvrables et \u00e0 proposer une solution dans les 10 jours ouvrables.<\/p>\n<hr noshade=\"noshade\" \/>\n<h3>Date<\/h3>\n<p>Cette d\u00e9claration a \u00e9t\u00e9 cr\u00e9\u00e9e le<br \/><span class=\"basic-information statement-created-date\">5 septembre 2024<\/span><br \/>\u00e0 l&rsquo;aide de l&rsquo;<a href=\"https:\/\/www.w3.org\/WAI\/planning\/statements\/\">Outil de g\u00e9n\u00e9ration de d\u00e9claration d&rsquo;accessibilit\u00e9 du W3C<\/a>.<\/p>\n\t\t\t\t\t\t\t\t<\/div>\n\t\t\t\t<\/div>\n\t\t\t\t\t<\/div>\n\t\t<\/div>\n\t\t\t\t\t<\/div>\n\t\t<\/section>\n\t\t\t\t<\/div>\n\t\t","protected":false},"excerpt":{"rendered":"<p>D\u00e9claration d&rsquo;accessibilit\u00e9 pour TBH Fume and Dust Extraction Ceci est une d\u00e9claration d&rsquo;accessibilit\u00e9 de la part de TBH North America, Inc.. \u00a0 Mesures pour soutenir l&rsquo;accessibilit\u00e9 TBH North America, Inc.prend les mesures suivantes pour assurer l&rsquo;accessibilit\u00e9 deTBH Fume and Dust Extraction : Inclure l&rsquo;accessibilit\u00e9 dans toutes nos politiques internes. \u00c9tat de conformit\u00e9 Les R\u00e8gles pour [&hellip;]<\/p>\n","protected":false},"author":1,"featured_media":0,"parent":0,"menu_order":0,"comment_status":"closed","ping_status":"closed","template":"","meta":{"footnotes":""},"class_list":["post-713","page","type-page","status-publish","hentry"],"_links":{"self":[{"href":"https:\/\/tbh-fumeanddustextraction.com\/fr\/wp-json\/wp\/v2\/pages\/713","targetHints":{"allow":["GET"]}}],"collection":[{"href":"https:\/\/tbh-fumeanddustextraction.com\/fr\/wp-json\/wp\/v2\/pages"}],"about":[{"href":"https:\/\/tbh-fumeanddustextraction.com\/fr\/wp-json\/wp\/v2\/types\/page"}],"author":[{"embeddable":true,"href":"https:\/\/tbh-fumeanddustextraction.com\/fr\/wp-json\/wp\/v2\/users\/1"}],"replies":[{"embeddable":true,"href":"https:\/\/tbh-fumeanddustextraction.com\/fr\/wp-json\/wp\/v2\/comments?post=713"}],"version-history":[{"count":1,"href":"https:\/\/tbh-fumeanddustextraction.com\/fr\/wp-json\/wp\/v2\/pages\/713\/revisions"}],"predecessor-version":[{"id":714,"href":"https:\/\/tbh-fumeanddustextraction.com\/fr\/wp-json\/wp\/v2\/pages\/713\/revisions\/714"}],"wp:attachment":[{"href":"https:\/\/tbh-fumeanddustextraction.com\/fr\/wp-json\/wp\/v2\/media?parent=713"}],"curies":[{"name":"wp","href":"https:\/\/api.w.org\/{rel}","templated":true}]}}