{"id":718,"date":"2024-08-29T15:49:11","date_gmt":"2024-08-29T13:49:11","guid":{"rendered":"https:\/\/tbh-fumeanddustextraction.com\/avis-de-droit-dauteur\/"},"modified":"2024-09-13T10:39:53","modified_gmt":"2024-09-13T08:39:53","slug":"avis-droit-auteur","status":"publish","type":"page","link":"https:\/\/tbh-fumeanddustextraction.com\/fr\/avis-droit-auteur\/","title":{"rendered":"Avis de droits d&rsquo;auteur"},"content":{"rendered":"\t\t<div data-elementor-type=\"wp-page\" data-elementor-id=\"718\" class=\"elementor elementor-718 elementor-322\" data-elementor-post-type=\"page\">\n\t\t\t\t\t\t<section class=\"elementor-section elementor-top-section elementor-element elementor-element-ee7da31 elementor-section-boxed elementor-section-height-default elementor-section-height-default\" data-id=\"ee7da31\" data-element_type=\"section\" data-e-type=\"section\" data-settings=\"{&quot;shape_divider_top&quot;:&quot;mountains&quot;,&quot;shape_divider_bottom&quot;:&quot;mountains&quot;}\">\n\t\t\t\t\t<div class=\"elementor-shape elementor-shape-top\" aria-hidden=\"true\" data-negative=\"false\">\n\t\t\t<svg xmlns=\"http:\/\/www.w3.org\/2000\/svg\" viewBox=\"0 0 1000 100\" preserveAspectRatio=\"none\">\n\t<path class=\"elementor-shape-fill\" opacity=\"0.33\" d=\"M473,67.3c-203.9,88.3-263.1-34-320.3,0C66,119.1,0,59.7,0,59.7V0h1000v59.7 c0,0-62.1,26.1-94.9,29.3c-32.8,3.3-62.8-12.3-75.8-22.1C806,49.6,745.3,8.7,694.9,4.7S492.4,59,473,67.3z\"\/>\n\t<path class=\"elementor-shape-fill\" opacity=\"0.66\" d=\"M734,67.3c-45.5,0-77.2-23.2-129.1-39.1c-28.6-8.7-150.3-10.1-254,39.1 s-91.7-34.4-149.2,0C115.7,118.3,0,39.8,0,39.8V0h1000v36.5c0,0-28.2-18.5-92.1-18.5C810.2,18.1,775.7,67.3,734,67.3z\"\/>\n\t<path class=\"elementor-shape-fill\" d=\"M766.1,28.9c-200-57.5-266,65.5-395.1,19.5C242,1.8,242,5.4,184.8,20.6C128,35.8,132.3,44.9,89.9,52.5C28.6,63.7,0,0,0,0 h1000c0,0-9.9,40.9-83.6,48.1S829.6,47,766.1,28.9z\"\/>\n<\/svg>\t\t<\/div>\n\t\t\t\t<div class=\"elementor-shape elementor-shape-bottom\" aria-hidden=\"true\" data-negative=\"false\">\n\t\t\t<svg xmlns=\"http:\/\/www.w3.org\/2000\/svg\" viewBox=\"0 0 1000 100\" preserveAspectRatio=\"none\">\n\t<path class=\"elementor-shape-fill\" opacity=\"0.33\" d=\"M473,67.3c-203.9,88.3-263.1-34-320.3,0C66,119.1,0,59.7,0,59.7V0h1000v59.7 c0,0-62.1,26.1-94.9,29.3c-32.8,3.3-62.8-12.3-75.8-22.1C806,49.6,745.3,8.7,694.9,4.7S492.4,59,473,67.3z\"\/>\n\t<path class=\"elementor-shape-fill\" opacity=\"0.66\" d=\"M734,67.3c-45.5,0-77.2-23.2-129.1-39.1c-28.6-8.7-150.3-10.1-254,39.1 s-91.7-34.4-149.2,0C115.7,118.3,0,39.8,0,39.8V0h1000v36.5c0,0-28.2-18.5-92.1-18.5C810.2,18.1,775.7,67.3,734,67.3z\"\/>\n\t<path class=\"elementor-shape-fill\" d=\"M766.1,28.9c-200-57.5-266,65.5-395.1,19.5C242,1.8,242,5.4,184.8,20.6C128,35.8,132.3,44.9,89.9,52.5C28.6,63.7,0,0,0,0 h1000c0,0-9.9,40.9-83.6,48.1S829.6,47,766.1,28.9z\"\/>\n<\/svg>\t\t<\/div>\n\t\t\t\t\t<div class=\"elementor-container elementor-column-gap-default\">\n\t\t\t\t\t<div class=\"elementor-column elementor-col-100 elementor-top-column elementor-element elementor-element-ea9c346\" data-id=\"ea9c346\" data-element_type=\"column\" data-e-type=\"column\">\n\t\t\t<div class=\"elementor-widget-wrap\">\n\t\t\t\t\t\t\t<\/div>\n\t\t<\/div>\n\t\t\t\t\t<\/div>\n\t\t<\/section>\n\t\t\t\t<section class=\"elementor-section elementor-top-section elementor-element elementor-element-e0213b1 elementor-section-boxed elementor-section-height-default elementor-section-height-default\" data-id=\"e0213b1\" data-element_type=\"section\" data-e-type=\"section\">\n\t\t\t\t\t\t<div class=\"elementor-container elementor-column-gap-default\">\n\t\t\t\t\t<div class=\"elementor-column elementor-col-50 elementor-top-column elementor-element elementor-element-1ea311b\" data-id=\"1ea311b\" data-element_type=\"column\" data-e-type=\"column\">\n\t\t\t<div class=\"elementor-widget-wrap elementor-element-populated\">\n\t\t\t\t\t\t<div class=\"elementor-element elementor-element-f574a0b elementor-widget elementor-widget-heading\" data-id=\"f574a0b\" data-element_type=\"widget\" data-e-type=\"widget\" data-widget_type=\"heading.default\">\n\t\t\t\t<div class=\"elementor-widget-container\">\n\t\t\t\t\t<h1 class=\"elementor-heading-title elementor-size-default\">Avis de droits d'auteur<\/h1>\t\t\t\t<\/div>\n\t\t\t\t<\/div>\n\t\t\t\t\t<\/div>\n\t\t<\/div>\n\t\t\t\t<div class=\"elementor-column elementor-col-50 elementor-top-column elementor-element elementor-element-b6252f5\" data-id=\"b6252f5\" data-element_type=\"column\" data-e-type=\"column\">\n\t\t\t<div class=\"elementor-widget-wrap elementor-element-populated\">\n\t\t\t\t\t\t<div class=\"elementor-element elementor-element-212aaf0 elementor-widget elementor-widget-text-editor\" data-id=\"212aaf0\" data-element_type=\"widget\" data-e-type=\"widget\" data-widget_type=\"text-editor.default\">\n\t\t\t\t<div class=\"elementor-widget-container\">\n\t\t\t\t\t\t\t\t\t<h3><strong>\u00c9diteur<\/strong><\/h3>\n<p>TBH North America, Inc.<\/p>\n<h3><strong>Pr\u00e9sident<\/strong><\/h3>\n<p>Daniel Galyean<\/p>\n<p>TBH North America, Inc.<br>\n81 County Road 423<br>\nKillen, AL&nbsp;35645<br>\n\u00c9tats-Unis<\/p>\n<p>T\u00e9l\u00e9phone : +1 256 426 \u2013 7850<br>\nT\u00e9l\u00e9copieur : +1 256 247 \u2013 0937<br>\nEmail:&nbsp;daniel.galyean@tbh.eu<\/p>\t\t\t\t\t\t\t\t<\/div>\n\t\t\t\t<\/div>\n\t\t\t\t\t<\/div>\n\t\t<\/div>\n\t\t\t\t\t<\/div>\n\t\t<\/section>\n\t\t\t\t<section class=\"elementor-section elementor-top-section elementor-element elementor-element-24aee77 elementor-section-boxed elementor-section-height-default elementor-section-height-default\" data-id=\"24aee77\" data-element_type=\"section\" data-e-type=\"section\">\n\t\t\t\t\t\t<div class=\"elementor-container elementor-column-gap-default\">\n\t\t\t\t\t<div class=\"elementor-column elementor-col-100 elementor-top-column elementor-element elementor-element-f42d803\" data-id=\"f42d803\" data-element_type=\"column\" data-e-type=\"column\">\n\t\t\t<div class=\"elementor-widget-wrap elementor-element-populated\">\n\t\t\t\t\t\t<div class=\"elementor-element elementor-element-aa10e42 elementor-widget elementor-widget-text-editor\" data-id=\"aa10e42\" data-element_type=\"widget\" data-e-type=\"widget\" data-widget_type=\"text-editor.default\">\n\t\t\t\t<div class=\"elementor-widget-container\">\n\t\t\t\t\t\t\t\t\t<h3><strong>Avertissement<\/strong><\/h3>\n<p>Bien que nous contr\u00f4lions soigneusement le contenu des pages li\u00e9es, nous ne sommes pas responsables de leur contenu. Le contenu des pages li\u00e9es est de la responsabilit\u00e9 de leurs op\u00e9rateurs respectifs.<\/p>\n<h3><strong>Avis de confidentialit\u00e9<\/strong><\/h3>\n<p>Les donn\u00e9es transf\u00e9r\u00e9es lors de la prise de contact \u00e9lectronique via e-mail ou formulaire de contact seront stock\u00e9es \u00e9lectroniquement. Le contact sans transfert de donn\u00e9es personnelles n&rsquo;est possible que via notre formulaire de contact. Chaque visite de notre serveur web sera enregistr\u00e9e de mani\u00e8re anonyme. Toutes les donn\u00e9es des utilisateurs seront supprim\u00e9es directement apr\u00e8s utilisation. Le traitement de toutes les donn\u00e9es est conforme aux directives gouvernementales de protection des donn\u00e9es.<\/p>\n<h3><strong>R\u00e9solution extrajudiciaire des litiges<\/strong><\/h3>\n<p>Nous ne sommes ni oblig\u00e9s ni dispos\u00e9s \u00e0 participer \u00e0 une proc\u00e9dure de r\u00e8glement des litiges devant un organisme de r\u00e9solution des litiges de consommation en cas de litige avec un consommateur.<\/p>\n<h3><strong>Droits d&rsquo;auteur<\/strong><\/h3>\n<p>Le contenu de ce site web, y compris (mais non exclusivement limit\u00e9 \u00e0) les textes, logiciels, photographies, graphiques, illustrations, designs, noms, noms de soci\u00e9t\u00e9s, marques d\u00e9pos\u00e9es, marques de service (ci-apr\u00e8s d\u00e9nomm\u00e9s \u00ab Mat\u00e9riel \u00bb), est prot\u00e9g\u00e9 par le droit d&rsquo;auteur et d&rsquo;autres normes l\u00e9gales, en Allemagne ainsi que dans d&rsquo;autres pays.<\/p>\n<p>Ce Mat\u00e9riel comprend non seulement du contenu qui est la propri\u00e9t\u00e9 et\/ou est en possession de la soci\u00e9t\u00e9 exploitante, ou est administr\u00e9 par celle-ci, mais aussi du contenu que des tiers poss\u00e8dent ou administrent au nom de la soci\u00e9t\u00e9 exploitante.<\/p>\n<p>Aucun mat\u00e9riel de ce site web ne peut \u00eatre reproduit ou diffus\u00e9 sans autorisation \u00e9crite pr\u00e9alable. Cela s&rsquo;applique \u00e9galement \u00e0 la reproduction et \u00e0 la diffusion d&rsquo;extraits.<\/p>\n<h3><strong>Cr\u00e9dits photo :<\/strong><\/h3>\n<p>Nous avons obtenu sous licence les images et vid\u00e9os suivantes sur notre site web aupr\u00e8s d&rsquo;Adobe Stock :<\/p>\n<ol>\n<li>\u00a9 motortion,\u00a0<a href=\"https:\/\/stock.adobe.com\/de\/images\/researcher-adding-liquid-from-test-tube-with-fire-symbol-warning-sign-danger\/295356603\">#295356603<\/a><\/li>\n<li>\u00a9 ElConsigliere,\u00a0<a href=\"https:\/\/stock.adobe.com\/de\/video\/aerosols-in-the-air-breathing-distribution-animation-02\/374412605\">#374412605<\/a><\/li>\n<li>\u00a9 MiaStendal,\u00a0<a href=\"https:\/\/stock.adobe.com\/de\/images\/wet-asphalt-reflection-of-neon-lights-a-searchlight-smoke-abstract-light-in-a-dark-empty-street-with-smoke-smog-dark-background-scene-of-empty-street-night-view-night-city\/293455360\">#293455360<\/a><\/li>\n<li>\u00a9 Crustoff,\u00a0<a href=\"https:\/\/stock.adobe.com\/de\/video\/super-slow-motion-shot-of-blue-atmospheric-particle-background-isolated-on-black-at-1000-fps\/357632730\">#357632730<\/a><\/li>\n<li>\u00a9 ipopba,\u00a0<a href=\"https:\/\/stock.adobe.com\/de\/images\/engineer-check-and-control-welding-robotics-automatic-arms-machine-in-intelligent-factory-automotive-industrial-with-monitoring-system-software-digital-manufacturing-operation-industry-4-0\/219101604\">#219101604<\/a><\/li>\n<li>\u00a9 Thomas S\u00f6llner,\u00a0<a href=\"https:\/\/stock.adobe.com\/de\/images\/laserschneiden-lasergravieren-metallverarbeitung-mit-funken-in-einer-cnc-laser-gravurmaschine-3d-rendering\/305958542\">#305958542<\/a><\/li>\n<li>\u00a9\u00a0TheWaterMeloonProjec,\u00a0<a href=\"https:\/\/stock.adobe.com\/de\/images\/advanced-metalworking-cnc-milling-machine-employing-modern-processing-technology-to-cut-metal-providing-authentic-shots-in-challenging-conditions-with-some-grain-and-potential-blurriness-due-to-a\/717363721\">#717363721<\/a><\/li>\n<li>\u00a9 evgeny,\u00a0<a href=\"https:\/\/stock.adobe.com\/de\/images\/advanced-metalworking-cnc-milling-machine-employing-modern-processing-technology-to-cut-metal-providing-authentic-shots-in-challenging-conditions-with-some-grain-and-potential-blurriness-due-to-a\/717363721\">#203988303<\/a><\/li>\n<li>\u00a9 Kadmy,\u00a0<a href=\"https:\/\/stock.adobe.com\/de\/images\/electrical-discharge-machine-precision-metal-processing-by-spark-wire-eroding\/270876553\">#270876553<\/a><\/li>\n<li>\u00a9 Pixel_B,\u00a0<a href=\"https:\/\/stock.adobe.com\/de\/images\/the-cnc-milling-machine-finishing-cut-the-plastic-parts-with-the-solid-ball-endmill-tools-the-resin-materials-parts-manufacturing-process-by-machining-centre-with-the-solid-endmill-tools\/306317751\">#306317751<\/a><\/li>\n<li>\u00a9 AA+W,\u00a0<a href=\"https:\/\/stock.adobe.com\/de\/images\/smart-automation-industry-robot-in-action-welding-metall-while-engineer-uses-his-remote-control-table-pc-industry-4-0-concept-3d-rendering\/238274184\">#238274184<\/a><\/li>\n<li>\u00a9 Parilov,\u00a0<a href=\"https:\/\/stock.adobe.com\/de\/images\/macro-photo-cutting-of-metal-cnc-laser-engraving-concept-background-modern-industrial-technology\/440005978\">#440005978<\/a><\/li>\n<li>\u00a9 Ingo Bartussek,\u00a0<a href=\"https:\/\/stock.adobe.com\/de\/images\/electronic-assemblies-in-a-wave-soldering-machine-08\/22203540\">#22203540<\/a><\/li>\n<li>\u00a9 Dmitrii,\u00a0<a href=\"https:\/\/stock.adobe.com\/de\/images\/the-hand-holding-the-tin-a-soldering-iron-solder-the-chip-in-place-computer-repair-macrophotography\/214940123\">#214940123<\/a><\/li>\n<li>\u00a9 magicmine,\u00a0<a href=\"https:\/\/stock.adobe.com\/de\/images\/human-respiratory-system-anatomy\/240630681\">#240630681<\/a><\/li>\n<li>\u00a9 xiaoliangge,\u00a0<a href=\"https:\/\/stock.adobe.com\/de\/images\/robot-holding-glue-syringe-injection-with-robotic-machine-vision-system-in-mobile-phone-factory\/471307186\">#240630681<\/a><\/li>\n<li>\u00a9 niroworld,\u00a0<a href=\"https:\/\/stock.adobe.com\/de\/images\/globe-international-world-flags\/55306430\">#55306430<\/a><\/li>\n<li>\u00a9 Julien Eichinger,\u00a0<a href=\"https:\/\/stock.adobe.com\/de\/images\/drapeaux\/123745324\">#123745324<\/a><\/li>\n<li>\u00a9 ekostsov,\u00a0<a href=\"https:\/\/stock.adobe.com\/de\/images\/empty-building-bright-hangar-interior-3d-rendering\/119767064\">#119767064<\/a><\/li>\n<li>\u00a9 deviney designs,\u00a0<a href=\"https:\/\/stock.adobe.com\/de\/images\/sand-thrown-with-sand-dust-and-fine-particles\/449269896\">#449269896<\/a><\/li>\n<li>\u00a9 Grispb,\u00a0<a href=\"https:\/\/stock.adobe.com\/de\/images\/production-of-miniature-printed-circuit-boards-the-electronic-equipment-of-the-laboratory-robot-for-assembling-electronic-components-high-precision-machine-production-automation\/309673995\">#309673995<\/a><\/li>\n<li>\u00a9 Artlana,\u00a0<a href=\"https:\/\/stock.adobe.com\/de\/images\/background-with-usa-painted-flag\/248890923\">#248890923<\/a><\/li>\n<li>\u00a9 Goojournoon,\u00a0<a href=\"https:\/\/stock.adobe.com\/de\/images\/engineer-maintenance-machine-isometric-industrial-employee-worker-fixing-in-factory-element-on-white-background-isolated\/677537490\">#677537490<\/a><\/li>\n<li>\u00a9 Yurii Zushchyk,\u00a0<a href=\"https:\/\/stock.adobe.com\/de\/images\/cnc-plasma-cutting-machine-working-cut-metal-sheet\/535818221\">#535818221<\/a><\/li>\n<li>\u00a9 Pixel_B,\u00a0<a href=\"https:\/\/stock.adobe.com\/de\/images\/high-technology-dust-removal-the-steel-square-pipe-cleaning-process-by-laser\/626960137\">#626960137<\/a><\/li>\n<li>\u00a9 IM Imagery,\u00a0<a href=\"https:\/\/stock.adobe.com\/de\/images\/ev-battery-pack-automated-production-line-equipped-with-orange-robot-arms-modern-electric-car-smart-factory-row-of-advanced-robotic-arms-inside-bright-plant-assemble-battery-for-automotive-industry\/661397600\">#661397600<\/a><\/li>\n<\/ol>\n<p>\u00a0<\/p>\n<h3><strong>Conception &amp; Design<\/strong><\/h3>\n<p>Giovanna Benedikter, Marketing TBH GmbH<br \/>Sandra Spie\u00df, Marketing TBH GmbH<\/p>\n<h3><strong>Mise en \u0153uvre technique<\/strong><\/h3>\n<p><a href=\"https:\/\/www.heise-regioconcept.de\/\">Webdesign par heise regioconcept<\/a><\/p>\n\t\t\t\t\t\t\t\t<\/div>\n\t\t\t\t<\/div>\n\t\t\t\t\t<\/div>\n\t\t<\/div>\n\t\t\t\t\t<\/div>\n\t\t<\/section>\n\t\t\t\t<\/div>\n\t\t","protected":false},"excerpt":{"rendered":"<p>Avis de droits d&rsquo;auteur \u00c9diteur TBH North America, Inc. Pr\u00e9sident Daniel Galyean TBH North America, Inc. 81 County Road 423 Killen, AL&nbsp;35645 \u00c9tats-Unis T\u00e9l\u00e9phone : +1 256 426 \u2013 7850 T\u00e9l\u00e9copieur : +1 256 247 \u2013 0937 Email:&nbsp;daniel.galyean@tbh.eu Avertissement Bien que nous contr\u00f4lions soigneusement le contenu des pages li\u00e9es, nous ne sommes pas responsables de [&hellip;]<\/p>\n","protected":false},"author":1,"featured_media":0,"parent":0,"menu_order":0,"comment_status":"closed","ping_status":"closed","template":"","meta":{"footnotes":""},"class_list":["post-718","page","type-page","status-publish","hentry"],"_links":{"self":[{"href":"https:\/\/tbh-fumeanddustextraction.com\/fr\/wp-json\/wp\/v2\/pages\/718","targetHints":{"allow":["GET"]}}],"collection":[{"href":"https:\/\/tbh-fumeanddustextraction.com\/fr\/wp-json\/wp\/v2\/pages"}],"about":[{"href":"https:\/\/tbh-fumeanddustextraction.com\/fr\/wp-json\/wp\/v2\/types\/page"}],"author":[{"embeddable":true,"href":"https:\/\/tbh-fumeanddustextraction.com\/fr\/wp-json\/wp\/v2\/users\/1"}],"replies":[{"embeddable":true,"href":"https:\/\/tbh-fumeanddustextraction.com\/fr\/wp-json\/wp\/v2\/comments?post=718"}],"version-history":[{"count":11,"href":"https:\/\/tbh-fumeanddustextraction.com\/fr\/wp-json\/wp\/v2\/pages\/718\/revisions"}],"predecessor-version":[{"id":729,"href":"https:\/\/tbh-fumeanddustextraction.com\/fr\/wp-json\/wp\/v2\/pages\/718\/revisions\/729"}],"wp:attachment":[{"href":"https:\/\/tbh-fumeanddustextraction.com\/fr\/wp-json\/wp\/v2\/media?parent=718"}],"curies":[{"name":"wp","href":"https:\/\/api.w.org\/{rel}","templated":true}]}}